{"id":182,"date":"2011-02-10T16:08:01","date_gmt":"2011-02-10T15:08:01","guid":{"rendered":"http:\/\/koria.lafamilletortue.fr\/?page_id=182"},"modified":"2026-01-01T10:42:46","modified_gmt":"2026-01-01T10:42:46","slug":"contacts","status":"publish","type":"page","link":"https:\/\/www.koria-danses.fr\/?page_id=182","title":{"rendered":"Contacts"},"content":{"rendered":"<hr>\n<p>Pour nous contacter, n\u2019h\u00e9sitez pas \u00e0 nous laisser un message via ce formulaire. Nous vous r\u00e9pondrons aussi rapidement que possible.<\/p>\n<div id=\"usermessagea\" class=\"cf_info \"><\/div><form enctype=\"multipart\/form-data\" action=\"\/index.php?rest_route=%2Fwp%2Fv2%2Fpages%2F182#usermessagea\" method=\"post\" class=\"cform formulaire-de-contact \" id=\"cformsform\"><ol class=\"cf-ol\"><li id=\"li--1\" class=\"\"><label id=\"label--1\" for=\"cf_field_1\"><span>Votre nom<\/span><\/label><input type=\"text\" name=\"cf_field_1\" id=\"cf_field_1\" class=\"single fldrequired\" value=\"\" onfocus=\"clearField(this)\" onblur=\"setField(this)\" title=\"\"\/><span class=\"reqtxt\">(obligatoire)<\/span><\/li><li id=\"li--2\" class=\"\"><label id=\"label--2\" for=\"cf_field_2\"><span>Email<\/span><\/label><input type=\"text\" name=\"cf_field_2\" id=\"cf_field_2\" class=\"single fldemail fldrequired\" value=\"\" title=\"\"\/><span class=\"emailreqtxt\">(email valide)<\/span><\/li><li id=\"li--3\" class=\"\"><label id=\"label--3\" for=\"cf_field_3\"><span>Message<\/span><\/label><textarea cols=\"30\" rows=\"8\" name=\"cf_field_3\" id=\"cf_field_3\" class=\"area fldrequired\" title=\"\"><\/textarea><span class=\"reqtxt\">(obligatoire)<\/span><\/li><\/ol><fieldset class=\"cf_hidden\"><legend>&nbsp;<\/legend><input type=\"hidden\" name=\"cf_working\" id=\"cf_working\" value=\"One moment please...\"\/><input type=\"hidden\" name=\"cf_failure\" id=\"cf_failure\" value=\"Tous les champs obligatoires ne sont pas remplis\"\/><input type=\"hidden\" name=\"cf_customerr\" id=\"cf_customerr\" value=\"y\"\/><\/fieldset><p class=\"cf-sb\"><input type=\"submit\" name=\"sendbutton\" id=\"sendbutton\" class=\"sendbutton\" value=\"Envoyer\" \/><\/p><\/form>\n<div class=\"entry-content\">\n<p>Nous sommes aussi joignables au 06 78 28 03 48.<\/p>\n<\/div>\n","protected":false},"excerpt":{"rendered":"<p>Pour nous contacter, n\u2019h\u00e9sitez pas \u00e0 nous laisser un message via ce formulaire. Nous vous r\u00e9pondrons aussi rapidement que possible. Nous sommes aussi joignables au 06 78 28 03 48.<\/p>\n","protected":false},"author":13,"featured_media":0,"parent":0,"menu_order":6,"comment_status":"closed","ping_status":"closed","template":"","meta":{"ngg_post_thumbnail":0,"footnotes":""},"class_list":["post-182","page","type-page","status-publish","hentry"],"_links":{"self":[{"href":"https:\/\/www.koria-danses.fr\/index.php?rest_route=\/wp\/v2\/pages\/182","targetHints":{"allow":["GET"]}}],"collection":[{"href":"https:\/\/www.koria-danses.fr\/index.php?rest_route=\/wp\/v2\/pages"}],"about":[{"href":"https:\/\/www.koria-danses.fr\/index.php?rest_route=\/wp\/v2\/types\/page"}],"author":[{"embeddable":true,"href":"https:\/\/www.koria-danses.fr\/index.php?rest_route=\/wp\/v2\/users\/13"}],"replies":[{"embeddable":true,"href":"https:\/\/www.koria-danses.fr\/index.php?rest_route=%2Fwp%2Fv2%2Fcomments&post=182"}],"version-history":[{"count":9,"href":"https:\/\/www.koria-danses.fr\/index.php?rest_route=\/wp\/v2\/pages\/182\/revisions"}],"predecessor-version":[{"id":8998,"href":"https:\/\/www.koria-danses.fr\/index.php?rest_route=\/wp\/v2\/pages\/182\/revisions\/8998"}],"wp:attachment":[{"href":"https:\/\/www.koria-danses.fr\/index.php?rest_route=%2Fwp%2Fv2%2Fmedia&parent=182"}],"curies":[{"name":"wp","href":"https:\/\/api.w.org\/{rel}","templated":true}]}}