{"id":2760,"date":"2018-04-20T15:43:19","date_gmt":"2018-04-20T15:43:19","guid":{"rendered":"http:\/\/www.koria-danses.fr\/?page_id=2760"},"modified":"2023-04-28T13:07:16","modified_gmt":"2023-04-28T13:07:16","slug":"spectacles-du-groupe-choregraphique","status":"publish","type":"page","link":"https:\/\/www.koria-danses.fr\/?page_id=2760","title":{"rendered":"Groupe Chor\u00e9graphique"},"content":{"rendered":"<hr>\n<h5><span style=\"color: #ff6600;\"><strong>L<\/strong><\/span>e groupe chor\u00e9graphique compos\u00e9 d&rsquo;une vingtaine de danseurs, danseuses et musiciens (accord\u00e9on diatonique, bombarde, hautbois) cr\u00e9e ses propres chor\u00e9graphies et arrangements musicaux.<\/h5>\n<h5><strong><span style=\"color: #ff6600;\">L<\/span><\/strong>a cr\u00e9ativit\u00e9 et l&rsquo;ouverture du groupe, o\u00f9 chacun apporte ses comp\u00e9tences, son exp\u00e9rience musicale, sc\u00e9nographique et de techniques de danses ont permis de pr\u00e9senter plusieurs cr\u00e9ations int\u00e9grant costumes, chants et musiques traditionnelles dans des chor\u00e9graphies et mises en sc\u00e8ne plus contemporaines.&nbsp;<\/h5>\n<h5><strong><span style=\"color: #ff6600;\">L<\/span><\/strong>e groupe chor\u00e9graphique propose ses spectacles en costumes traditionnels cou\u00ebronnais (30 \u00e0 60 mn) et peut se produire aussi bien dans des festivals, f\u00eates locales ou animations priv\u00e9es.<\/h5>\n<p><a href=\"https:\/\/www.koria-danses.fr\/wp-content\/uploads\/2023\/04\/Groupe-Choregraphique-N\u00b001.png\"><img loading=\"lazy\" decoding=\"async\" class=\"alignnone size-full wp-image-7349\" src=\"https:\/\/www.koria-danses.fr\/wp-content\/uploads\/2023\/04\/Groupe-Choregraphique-N\u00b001.png\" alt=\"\" width=\"720\" height=\"960\" srcset=\"https:\/\/www.koria-danses.fr\/wp-content\/uploads\/2023\/04\/Groupe-Choregraphique-N\u00b001.png 720w, https:\/\/www.koria-danses.fr\/wp-content\/uploads\/2023\/04\/Groupe-Choregraphique-N\u00b001-225x300.png 225w\" sizes=\"auto, (max-width: 720px) 100vw, 720px\" \/><\/a><\/p>\n<p><a href=\"https:\/\/www.koria-danses.fr\/wp-content\/uploads\/2023\/04\/Groupe-Choregraphique-N\u00b002.png\"><img loading=\"lazy\" decoding=\"async\" class=\"alignnone size-full wp-image-7350\" src=\"https:\/\/www.koria-danses.fr\/wp-content\/uploads\/2023\/04\/Groupe-Choregraphique-N\u00b002.png\" alt=\"\" width=\"720\" height=\"960\" srcset=\"https:\/\/www.koria-danses.fr\/wp-content\/uploads\/2023\/04\/Groupe-Choregraphique-N\u00b002.png 720w, https:\/\/www.koria-danses.fr\/wp-content\/uploads\/2023\/04\/Groupe-Choregraphique-N\u00b002-225x300.png 225w\" sizes=\"auto, (max-width: 720px) 100vw, 720px\" \/><\/a><\/p>\n<p><a href=\"https:\/\/www.koria-danses.fr\/wp-content\/uploads\/2023\/04\/Groupe-Choregraphique-A-N\u00b003.png\"><img loading=\"lazy\" decoding=\"async\" class=\"alignnone size-full wp-image-7354\" src=\"https:\/\/www.koria-danses.fr\/wp-content\/uploads\/2023\/04\/Groupe-Choregraphique-A-N\u00b003.png\" alt=\"\" width=\"720\" height=\"960\" srcset=\"https:\/\/www.koria-danses.fr\/wp-content\/uploads\/2023\/04\/Groupe-Choregraphique-A-N\u00b003.png 720w, https:\/\/www.koria-danses.fr\/wp-content\/uploads\/2023\/04\/Groupe-Choregraphique-A-N\u00b003-225x300.png 225w\" sizes=\"auto, (max-width: 720px) 100vw, 720px\" \/><\/a><\/p>\n<p>&nbsp;<\/p>\n","protected":false},"excerpt":{"rendered":"<p>Le groupe chor\u00e9graphique compos\u00e9 d&rsquo;une vingtaine de danseurs, danseuses et musiciens (accord\u00e9on diatonique, bombarde, hautbois) cr\u00e9e ses propres chor\u00e9graphies et arrangements musicaux. La cr\u00e9ativit\u00e9 et l&rsquo;ouverture du groupe, o\u00f9 chacun apporte ses comp\u00e9tences, son exp\u00e9rience musicale, sc\u00e9nographique et de techniques <a class=\"more-link\" href=\"https:\/\/www.koria-danses.fr\/?page_id=2760\">Lire la suite &#8230;<\/a><\/p>\n","protected":false},"author":20,"featured_media":0,"parent":0,"menu_order":3,"comment_status":"closed","ping_status":"closed","template":"","meta":{"ngg_post_thumbnail":0,"footnotes":""},"class_list":["post-2760","page","type-page","status-publish","hentry"],"_links":{"self":[{"href":"https:\/\/www.koria-danses.fr\/index.php?rest_route=\/wp\/v2\/pages\/2760","targetHints":{"allow":["GET"]}}],"collection":[{"href":"https:\/\/www.koria-danses.fr\/index.php?rest_route=\/wp\/v2\/pages"}],"about":[{"href":"https:\/\/www.koria-danses.fr\/index.php?rest_route=\/wp\/v2\/types\/page"}],"author":[{"embeddable":true,"href":"https:\/\/www.koria-danses.fr\/index.php?rest_route=\/wp\/v2\/users\/20"}],"replies":[{"embeddable":true,"href":"https:\/\/www.koria-danses.fr\/index.php?rest_route=%2Fwp%2Fv2%2Fcomments&post=2760"}],"version-history":[{"count":31,"href":"https:\/\/www.koria-danses.fr\/index.php?rest_route=\/wp\/v2\/pages\/2760\/revisions"}],"predecessor-version":[{"id":7355,"href":"https:\/\/www.koria-danses.fr\/index.php?rest_route=\/wp\/v2\/pages\/2760\/revisions\/7355"}],"wp:attachment":[{"href":"https:\/\/www.koria-danses.fr\/index.php?rest_route=%2Fwp%2Fv2%2Fmedia&parent=2760"}],"curies":[{"name":"wp","href":"https:\/\/api.w.org\/{rel}","templated":true}]}}