{"id":2786,"date":"2018-04-20T16:03:14","date_gmt":"2018-04-20T16:03:14","guid":{"rendered":"http:\/\/www.koria-danses.fr\/?page_id=2786"},"modified":"2021-12-03T22:58:47","modified_gmt":"2021-12-03T22:58:47","slug":"fest-noz-2","status":"publish","type":"page","link":"https:\/\/www.koria-danses.fr\/?page_id=2786","title":{"rendered":"Fest-Noz"},"content":{"rendered":"<p>Les fest-noz s&rsquo;organisent tranquillement avec des \u00e9quipes solides (coups de mains, tables, courses\u2026)<\/p>\n<p>Remercions ceux qui rangent tr\u00e8s tr\u00e8s tard le soir.<\/p>\n<p>Il est bien \u00e9vident que la participation de tous pendant un moment du fest-noz est indispensable \u00e0 sa bonne marche.<\/p>\n<p>En ce qui concerne le fest-noz de rentr\u00e9e, vu sa teneur humanitaire, les adh\u00e9rents peuvent aussi participer financi\u00e8rement s&rsquo;ils le souhaitent.<\/p>\n","protected":false},"excerpt":{"rendered":"<p>Les fest-noz s&rsquo;organisent tranquillement avec des \u00e9quipes solides (coups de mains, tables, courses\u2026) Remercions ceux qui rangent tr\u00e8s tr\u00e8s tard le soir. Il est bien \u00e9vident que la participation de tous pendant un moment du fest-noz est indispensable \u00e0 sa <a class=\"more-link\" href=\"https:\/\/www.koria-danses.fr\/?page_id=2786\">Lire la suite &#8230;<\/a><\/p>\n","protected":false},"author":20,"featured_media":0,"parent":0,"menu_order":1,"comment_status":"closed","ping_status":"closed","template":"","meta":{"ngg_post_thumbnail":0,"footnotes":""},"class_list":["post-2786","page","type-page","status-publish","hentry"],"_links":{"self":[{"href":"https:\/\/www.koria-danses.fr\/index.php?rest_route=\/wp\/v2\/pages\/2786","targetHints":{"allow":["GET"]}}],"collection":[{"href":"https:\/\/www.koria-danses.fr\/index.php?rest_route=\/wp\/v2\/pages"}],"about":[{"href":"https:\/\/www.koria-danses.fr\/index.php?rest_route=\/wp\/v2\/types\/page"}],"author":[{"embeddable":true,"href":"https:\/\/www.koria-danses.fr\/index.php?rest_route=\/wp\/v2\/users\/20"}],"replies":[{"embeddable":true,"href":"https:\/\/www.koria-danses.fr\/index.php?rest_route=%2Fwp%2Fv2%2Fcomments&post=2786"}],"version-history":[{"count":7,"href":"https:\/\/www.koria-danses.fr\/index.php?rest_route=\/wp\/v2\/pages\/2786\/revisions"}],"predecessor-version":[{"id":5990,"href":"https:\/\/www.koria-danses.fr\/index.php?rest_route=\/wp\/v2\/pages\/2786\/revisions\/5990"}],"wp:attachment":[{"href":"https:\/\/www.koria-danses.fr\/index.php?rest_route=%2Fwp%2Fv2%2Fmedia&parent=2786"}],"curies":[{"name":"wp","href":"https:\/\/api.w.org\/{rel}","templated":true}]}}