{"id":2971,"date":"2018-05-23T13:21:20","date_gmt":"2018-05-23T13:21:20","guid":{"rendered":"http:\/\/www.koria-danses.fr\/?page_id=2971"},"modified":"2019-08-29T19:18:46","modified_gmt":"2019-08-29T19:18:46","slug":"stages","status":"publish","type":"page","link":"https:\/\/www.koria-danses.fr\/?page_id=2971","title":{"rendered":"Stages"},"content":{"rendered":"<hr>\n<h4><span style=\"color: #ff6600;\">Stage de Bourr\u00e9es : Dimanche 13 Janvier 2019<\/span><\/h4>\n<h5>Stage anim\u00e9 par Denis et Armelle (danseur et danseuse) Jean-Louis (musicien)<\/h5>\n<h5>Espace de la Tour \u00e0 Plomb &#8211;&nbsp; COU\u00cbRON<\/h5>\n<hr>\n<h4><span style=\"color: #ff6600;\">Stage de Danses Bretonnes : Samedi 20 Avril 2019<\/span><\/h4>\n<h5>Stage anim\u00e9 par KORIA et GALENN<\/h5>\n<h5>Festival Folk en Folie &#8211; SAINT XANDRE<\/h5>\n","protected":false},"excerpt":{"rendered":"<p>Stage de Bourr\u00e9es : Dimanche 13 Janvier 2019 Stage anim\u00e9 par Denis et Armelle (danseur et danseuse) Jean-Louis (musicien) Espace de la Tour \u00e0 Plomb &#8211;&nbsp; COU\u00cbRON Stage de Danses Bretonnes : Samedi 20 Avril 2019 Stage anim\u00e9 par KORIA <a class=\"more-link\" href=\"https:\/\/www.koria-danses.fr\/?page_id=2971\">Lire la suite &#8230;<\/a><\/p>\n","protected":false},"author":20,"featured_media":0,"parent":2329,"menu_order":7,"comment_status":"closed","ping_status":"closed","template":"","meta":{"ngg_post_thumbnail":0,"footnotes":""},"class_list":["post-2971","page","type-page","status-publish","hentry"],"_links":{"self":[{"href":"https:\/\/www.koria-danses.fr\/index.php?rest_route=\/wp\/v2\/pages\/2971","targetHints":{"allow":["GET"]}}],"collection":[{"href":"https:\/\/www.koria-danses.fr\/index.php?rest_route=\/wp\/v2\/pages"}],"about":[{"href":"https:\/\/www.koria-danses.fr\/index.php?rest_route=\/wp\/v2\/types\/page"}],"author":[{"embeddable":true,"href":"https:\/\/www.koria-danses.fr\/index.php?rest_route=\/wp\/v2\/users\/20"}],"replies":[{"embeddable":true,"href":"https:\/\/www.koria-danses.fr\/index.php?rest_route=%2Fwp%2Fv2%2Fcomments&post=2971"}],"version-history":[{"count":7,"href":"https:\/\/www.koria-danses.fr\/index.php?rest_route=\/wp\/v2\/pages\/2971\/revisions"}],"predecessor-version":[{"id":4152,"href":"https:\/\/www.koria-danses.fr\/index.php?rest_route=\/wp\/v2\/pages\/2971\/revisions\/4152"}],"up":[{"embeddable":true,"href":"https:\/\/www.koria-danses.fr\/index.php?rest_route=\/wp\/v2\/pages\/2329"}],"wp:attachment":[{"href":"https:\/\/www.koria-danses.fr\/index.php?rest_route=%2Fwp%2Fv2%2Fmedia&parent=2971"}],"curies":[{"name":"wp","href":"https:\/\/api.w.org\/{rel}","templated":true}]}}