{"id":3036,"date":"2018-06-06T08:25:34","date_gmt":"2018-06-06T08:25:34","guid":{"rendered":"http:\/\/www.koria-danses.fr\/?page_id=3036"},"modified":"2025-11-25T18:04:40","modified_gmt":"2025-11-25T18:04:40","slug":"lassociation-2","status":"publish","type":"page","link":"https:\/\/www.koria-danses.fr\/?page_id=3036","title":{"rendered":"L&rsquo;association"},"content":{"rendered":"<hr>\n<h5><strong>KORIA FAIT VIVRE LA CULTURE BRETONNE \u00c0 COU\u00cbRON, <\/strong><\/h5>\n<h5><strong>\u00c0 TRAVERS LA MUSIQUE ET LA DANSE.<br \/>\n<\/strong><\/h5>\n<p>&nbsp;<\/p>\n<h6><strong>MEMBRES ACTIFS<\/strong><\/h6>\n<h6><strong>Groupe Danses Loisirs&nbsp;:<\/strong> 35<\/h6>\n<h6><strong>Groupe Chor\u00e9graphique&nbsp;:<\/strong> 9 Danseuses &#8211; 8 Danseurs<\/h6>\n<h6><strong>Musiciens :<\/strong> 2<\/h6>\n<h6><strong>Membres de soutien&nbsp;:<\/strong> 23<\/h6>\n<p>&nbsp;<\/p>\n<h6><strong>COMPOSITION DU BUREAU<\/strong><\/h6>\n<h6><strong>Pr\u00e9sidentes : <\/strong>Anthony P.<\/h6>\n<h6><strong>Vice-Pr\u00e9sident : <\/strong>Agn\u00e8s P.<\/h6>\n<h6><strong>Tr\u00e9sori\u00e8re : <\/strong>Val\u00e9rie L.<\/h6>\n<h6><strong>Tr\u00e9sorier-adjoint : <\/strong>Sylvie B.<\/h6>\n<h6><strong>Secr\u00e9taire :<\/strong> Catherine C.<\/h6>\n<h6><strong>Secr\u00e9taire-adjointe :<\/strong> Marie-Pierre G.<\/h6>\n<p>&nbsp;<\/p>\n<h6><strong>COMPOSITION DU CA<\/strong><\/h6>\n<h6>Agn\u00e8s P. &#8211; Aubry C. &#8211; Bernard C. &#8211; Catherine C. &#8211; Christine P. &#8211; Christian L. &#8211; Anthony P. &#8211; Val\u00e9rie L. &#8211; Marie-Pierre G. &#8211; Jean-Luc B. &#8211; Marie-Agn\u00e8s J. &#8211; Mich\u00e8le A. &#8211; Paquita B. &#8211; Sylvie B. &#8211; Th\u00e9r\u00e8se T.<\/h6>\n<p>&nbsp;<\/p>\n<h6><strong>LES COMMISSIONS&nbsp;<br \/>\n<\/strong><\/h6>\n<h6><strong>Rentr\u00e9e Nantaise &#8211; Fest Noz :<\/strong><br \/>\nChristian L. &#8211; Th\u00e9r\u00e8se T. &#8211; Marie-Agn\u00e8s J. &#8211; Bernard C. &#8211; Beno\u00eet L. &#8211; Jean-Luc B. &#8211; Agn\u00e8s P. &#8211; Sylvie B. &#8211; Christine P. &#8211; R\u00e9my G.<\/h6>\n<h6><strong>Animation&nbsp;:<\/strong><br \/>\nTh\u00e9r\u00e8se T. &#8211; Bernard C. &#8211; Fran\u00e7oise D. &#8211; Aubry C. &#8211; Agn\u00e8s P. &#8211; Christine P. &#8211; Anthony P.<\/h6>\n<h6><strong>Costumes et Coiffes :<\/strong><br \/>\nSylvie B. &#8211; Catherine C. &#8211; Mich\u00e8le A.<\/h6>\n<h6><strong>Sortie &#8211; R\u00e9ception &#8211; Stage :<\/strong><br \/>\nAgn\u00e8s P. &#8211; Sylvie B. &#8211; Luc C. &#8211; Christine P. &#8211; R\u00e9mi G. &#8211; Michel R. &#8211; Th\u00e9r\u00e8se T.<\/h6>\n<h6><strong>Communication externe:<\/strong><br \/>\nAnthony P. &#8211; Muriel O. &#8211; Paquita B.<\/h6>\n<h6><strong>Festivit\u00e9s <\/strong>:<br \/>\nMich\u00e8le A. &#8211; Marie Agn\u00e8s J.<\/h6>\n<h6><strong>Animation Danses Folk <\/strong>:<br \/>\nLuc C. &#8211; Marie Agn\u00e8s J. &#8211; Paquita B. &#8211; Jean-Luc B. &#8211; Christine P.<\/h6>\n<p>&nbsp;<\/p>\n<h6><em><strong>Koria adh\u00e8re \u00e0 ACB 44, Bretagne Sud et Tamm Kreiz<\/strong><\/em><\/h6>\n","protected":false},"excerpt":{"rendered":"<p>KORIA FAIT VIVRE LA CULTURE BRETONNE \u00c0 COU\u00cbRON, \u00c0 TRAVERS LA MUSIQUE ET LA DANSE. &nbsp; MEMBRES ACTIFS Groupe Danses Loisirs&nbsp;: 35 Groupe Chor\u00e9graphique&nbsp;: 9 Danseuses &#8211; 8 Danseurs Musiciens : 2 Membres de soutien&nbsp;: 23 &nbsp; COMPOSITION DU BUREAU <a class=\"more-link\" href=\"https:\/\/www.koria-danses.fr\/?page_id=3036\">Lire la suite &#8230;<\/a><\/p>\n","protected":false},"author":20,"featured_media":0,"parent":2329,"menu_order":2,"comment_status":"closed","ping_status":"closed","template":"","meta":{"ngg_post_thumbnail":0,"footnotes":""},"class_list":["post-3036","page","type-page","status-publish","hentry"],"_links":{"self":[{"href":"https:\/\/www.koria-danses.fr\/index.php?rest_route=\/wp\/v2\/pages\/3036","targetHints":{"allow":["GET"]}}],"collection":[{"href":"https:\/\/www.koria-danses.fr\/index.php?rest_route=\/wp\/v2\/pages"}],"about":[{"href":"https:\/\/www.koria-danses.fr\/index.php?rest_route=\/wp\/v2\/types\/page"}],"author":[{"embeddable":true,"href":"https:\/\/www.koria-danses.fr\/index.php?rest_route=\/wp\/v2\/users\/20"}],"replies":[{"embeddable":true,"href":"https:\/\/www.koria-danses.fr\/index.php?rest_route=%2Fwp%2Fv2%2Fcomments&post=3036"}],"version-history":[{"count":43,"href":"https:\/\/www.koria-danses.fr\/index.php?rest_route=\/wp\/v2\/pages\/3036\/revisions"}],"predecessor-version":[{"id":8966,"href":"https:\/\/www.koria-danses.fr\/index.php?rest_route=\/wp\/v2\/pages\/3036\/revisions\/8966"}],"up":[{"embeddable":true,"href":"https:\/\/www.koria-danses.fr\/index.php?rest_route=\/wp\/v2\/pages\/2329"}],"wp:attachment":[{"href":"https:\/\/www.koria-danses.fr\/index.php?rest_route=%2Fwp%2Fv2%2Fmedia&parent=3036"}],"curies":[{"name":"wp","href":"https:\/\/api.w.org\/{rel}","templated":true}]}}