{"id":3064,"date":"2018-06-14T15:27:31","date_gmt":"2018-06-14T15:27:31","guid":{"rendered":"http:\/\/www.koria-danses.fr\/?page_id=3064"},"modified":"2019-09-22T16:00:28","modified_gmt":"2019-09-22T16:00:28","slug":"le-groupe-loisir","status":"publish","type":"page","link":"https:\/\/www.koria-danses.fr\/?page_id=3064","title":{"rendered":"Lieu"},"content":{"rendered":"<hr>\n<h4><span style=\"color: #ff6600;\">\u00c9cole Charlotte Divet &#8211; Cou\u00ebron<br \/>\n<\/span><\/h4>\n<p><a href=\"https:\/\/www.koria-danses.fr\/wp-content\/uploads\/2019\/04\/Plan-Site.png\"><img loading=\"lazy\" decoding=\"async\" class=\"alignnone wp-image-4032\" src=\"https:\/\/www.koria-danses.fr\/wp-content\/uploads\/2019\/04\/Plan-Site.png\" alt=\"\" width=\"518\" height=\"345\" srcset=\"https:\/\/www.koria-danses.fr\/wp-content\/uploads\/2019\/04\/Plan-Site.png 960w, https:\/\/www.koria-danses.fr\/wp-content\/uploads\/2019\/04\/Plan-Site-300x200.png 300w, https:\/\/www.koria-danses.fr\/wp-content\/uploads\/2019\/04\/Plan-Site-768x512.png 768w\" sizes=\"auto, (max-width: 518px) 100vw, 518px\" \/><\/a><\/p>\n<p><span style=\"color: #00ff00;\"><strong>En vert<\/strong><\/span> : itin\u00e9raire pi\u00e8ton<br \/>\n<span style=\"color: #33cccc;\"><strong>En bleu<\/strong><\/span> : itin\u00e9raire pour les voitures. Du boulevard Fran\u00e7ois Blancho, suivre la direction \u00ab&nbsp;Cuisine centrale&nbsp;\u00bb.<\/p>\n<p>Coordonn\u00e9es GPS :<br \/>\nLatitude : 47.21511789999999<br \/>\nLongitude :&nbsp; -1.7283654999999953<\/p>\n<p>&nbsp;&nbsp;&nbsp;&nbsp;&nbsp;&nbsp;&nbsp;<\/p>\n","protected":false},"excerpt":{"rendered":"<p>\u00c9cole Charlotte Divet &#8211; Cou\u00ebron En vert : itin\u00e9raire pi\u00e8ton En bleu : itin\u00e9raire pour les voitures. Du boulevard Fran\u00e7ois Blancho, suivre la direction \u00ab&nbsp;Cuisine centrale&nbsp;\u00bb. Coordonn\u00e9es GPS : Latitude : 47.21511789999999 Longitude :&nbsp; -1.7283654999999953 &nbsp;&nbsp;&nbsp;&nbsp;&nbsp;&nbsp;&nbsp;<\/p>\n","protected":false},"author":20,"featured_media":0,"parent":2329,"menu_order":6,"comment_status":"closed","ping_status":"closed","template":"","meta":{"ngg_post_thumbnail":0,"footnotes":""},"class_list":["post-3064","page","type-page","status-publish","hentry"],"_links":{"self":[{"href":"https:\/\/www.koria-danses.fr\/index.php?rest_route=\/wp\/v2\/pages\/3064","targetHints":{"allow":["GET"]}}],"collection":[{"href":"https:\/\/www.koria-danses.fr\/index.php?rest_route=\/wp\/v2\/pages"}],"about":[{"href":"https:\/\/www.koria-danses.fr\/index.php?rest_route=\/wp\/v2\/types\/page"}],"author":[{"embeddable":true,"href":"https:\/\/www.koria-danses.fr\/index.php?rest_route=\/wp\/v2\/users\/20"}],"replies":[{"embeddable":true,"href":"https:\/\/www.koria-danses.fr\/index.php?rest_route=%2Fwp%2Fv2%2Fcomments&post=3064"}],"version-history":[{"count":23,"href":"https:\/\/www.koria-danses.fr\/index.php?rest_route=\/wp\/v2\/pages\/3064\/revisions"}],"predecessor-version":[{"id":4630,"href":"https:\/\/www.koria-danses.fr\/index.php?rest_route=\/wp\/v2\/pages\/3064\/revisions\/4630"}],"up":[{"embeddable":true,"href":"https:\/\/www.koria-danses.fr\/index.php?rest_route=\/wp\/v2\/pages\/2329"}],"wp:attachment":[{"href":"https:\/\/www.koria-danses.fr\/index.php?rest_route=%2Fwp%2Fv2%2Fmedia&parent=3064"}],"curies":[{"name":"wp","href":"https:\/\/api.w.org\/{rel}","templated":true}]}}