{"id":3076,"date":"2018-06-14T15:49:40","date_gmt":"2018-06-14T15:49:40","guid":{"rendered":"http:\/\/www.koria-danses.fr\/?page_id=3076"},"modified":"2023-09-21T13:44:45","modified_gmt":"2023-09-21T13:44:45","slug":"le-groupe-scenique","status":"publish","type":"page","link":"https:\/\/www.koria-danses.fr\/?page_id=3076","title":{"rendered":"R\u00e9p\u00e9titions"},"content":{"rendered":"<hr>\n<h4><strong><span style=\"color: #ff6600;\">\u00c9<\/span>COLE <span style=\"color: #ff6600;\">C<\/span>HARLOTTE <span style=\"color: #ff6600;\">D<\/span>IVET &#8211; <span style=\"color: #ff6600;\">C<\/span>OU\u00cbRON<\/strong><\/h4>\n<p>&nbsp;<\/p>\n<h4><b><span style=\"color: #ff6600;\">L<\/span>e Groupe Danses Loisirs <\/b><\/h4>\n<h5>Mercredi : 20H30 \u00e0 22H30<\/h5>\n<p>&nbsp;<\/p>\n<h4><b><span style=\"color: #ff6600;\">L<\/span>e Groupe Chor\u00e9graphique<\/b><\/h4>\n<h5>Vendredi : 20H30 \u00e0 23H00<\/h5>\n<p>&nbsp;<\/p>\n<h4><b><span style=\"color: #ff6600;\">L<\/span>\u2019Atelier de Musique Traditionnelle<\/b><\/h4>\n<h5>Jeudi : 20H30<\/h5>\n","protected":false},"excerpt":{"rendered":"<p>\u00c9COLE CHARLOTTE DIVET &#8211; COU\u00cbRON &nbsp; Le Groupe Danses Loisirs Mercredi : 20H30 \u00e0 22H30 &nbsp; Le Groupe Chor\u00e9graphique Vendredi : 20H30 \u00e0 23H00 &nbsp; L\u2019Atelier de Musique Traditionnelle Jeudi : 20H30<\/p>\n","protected":false},"author":20,"featured_media":0,"parent":2329,"menu_order":4,"comment_status":"closed","ping_status":"closed","template":"","meta":{"ngg_post_thumbnail":0,"footnotes":""},"class_list":["post-3076","page","type-page","status-publish","hentry"],"_links":{"self":[{"href":"https:\/\/www.koria-danses.fr\/index.php?rest_route=\/wp\/v2\/pages\/3076","targetHints":{"allow":["GET"]}}],"collection":[{"href":"https:\/\/www.koria-danses.fr\/index.php?rest_route=\/wp\/v2\/pages"}],"about":[{"href":"https:\/\/www.koria-danses.fr\/index.php?rest_route=\/wp\/v2\/types\/page"}],"author":[{"embeddable":true,"href":"https:\/\/www.koria-danses.fr\/index.php?rest_route=\/wp\/v2\/users\/20"}],"replies":[{"embeddable":true,"href":"https:\/\/www.koria-danses.fr\/index.php?rest_route=%2Fwp%2Fv2%2Fcomments&post=3076"}],"version-history":[{"count":21,"href":"https:\/\/www.koria-danses.fr\/index.php?rest_route=\/wp\/v2\/pages\/3076\/revisions"}],"predecessor-version":[{"id":7544,"href":"https:\/\/www.koria-danses.fr\/index.php?rest_route=\/wp\/v2\/pages\/3076\/revisions\/7544"}],"up":[{"embeddable":true,"href":"https:\/\/www.koria-danses.fr\/index.php?rest_route=\/wp\/v2\/pages\/2329"}],"wp:attachment":[{"href":"https:\/\/www.koria-danses.fr\/index.php?rest_route=%2Fwp%2Fv2%2Fmedia&parent=3076"}],"curies":[{"name":"wp","href":"https:\/\/api.w.org\/{rel}","templated":true}]}}