{"id":4455,"date":"2019-08-08T14:48:33","date_gmt":"2019-08-08T14:48:33","guid":{"rendered":"http:\/\/www.koria-danses.fr\/?page_id=4455"},"modified":"2019-10-29T09:07:19","modified_gmt":"2019-10-29T09:07:19","slug":"lhistoire","status":"publish","type":"page","link":"https:\/\/www.koria-danses.fr\/?page_id=4455","title":{"rendered":"L&rsquo;histoire"},"content":{"rendered":"<hr>\n<h4><a href=\"https:\/\/www.koria-danses.fr\/wp-content\/uploads\/2019\/08\/Coiffes-Site-Lhistoire.jpg\"><img loading=\"lazy\" decoding=\"async\" class=\"alignnone wp-image-4463\" src=\"https:\/\/www.koria-danses.fr\/wp-content\/uploads\/2019\/08\/Coiffes-Site-Lhistoire.jpg\" alt=\"\" width=\"386\" height=\"217\" srcset=\"https:\/\/www.koria-danses.fr\/wp-content\/uploads\/2019\/08\/Coiffes-Site-Lhistoire.jpg 960w, https:\/\/www.koria-danses.fr\/wp-content\/uploads\/2019\/08\/Coiffes-Site-Lhistoire-300x169.jpg 300w, https:\/\/www.koria-danses.fr\/wp-content\/uploads\/2019\/08\/Coiffes-Site-Lhistoire-768x432.jpg 768w, https:\/\/www.koria-danses.fr\/wp-content\/uploads\/2019\/08\/Coiffes-Site-Lhistoire-780x439.jpg 780w, https:\/\/www.koria-danses.fr\/wp-content\/uploads\/2019\/08\/Coiffes-Site-Lhistoire-800x450.jpg 800w, https:\/\/www.koria-danses.fr\/wp-content\/uploads\/2019\/08\/Coiffes-Site-Lhistoire-400x225.jpg 400w\" sizes=\"auto, (max-width: 386px) 100vw, 386px\" \/><\/a><\/h4>\n<h5><span style=\"color: #000000;\"><strong>Koria est n\u00e9e en 1980<\/strong><\/span>, de l\u2019id\u00e9e de quelques amateurs de culture bretonne.<\/h5>\n<h5>D\u00e9sireux d\u2019apprendre \u00e0 danser, ils d\u00e9couvrent le r\u00e9pertoire in\u00e9puisable de toute la Bretagne, du pays Nantais au Finist\u00e8re.<\/h5>\n<h5>Koria fait vivre depuis toutes ces ann\u00e9es la culture bretonne \u00e0 Cou\u00ebron.<\/h5>\n<h5>A l\u2019origine \u00ab groupe de danses bretonnes de Cou\u00ebron \u00bb, l\u2019association puise dans les racines celtes de la ville et prend pour nom <strong><span style=\"color: #000000;\">KORIA<\/span><\/strong>.<\/h5>\n<h5>Depuis l\u2019association n\u2019a cess\u00e9 d\u2019\u00e9voluer :<\/h5>\n<ul>\n<li>\n<h5>Cr\u00e9ation de spectacles chor\u00e9graphiques<\/h5>\n<\/li>\n<li>\n<h5>Ateliers de musique<\/h5>\n<\/li>\n<li>\n<h5>Voyages en Irlande, en Slovaquie, en Belgique, en Allemagne, en Roumanie, au Pays de Galles<\/h5>\n<\/li>\n<li>\n<h5>Echanges culturels avec diff\u00e9rents groupes<\/h5>\n<\/li>\n<\/ul>\n<p><a href=\"https:\/\/www.koria-danses.fr\/wp-content\/uploads\/2019\/10\/2019-05-19-Festival-Anne-de-Bretagne-La-Turballe-N\u00b030GbisRR.jpg\"><img loading=\"lazy\" decoding=\"async\" class=\"alignnone wp-image-5697\" src=\"https:\/\/www.koria-danses.fr\/wp-content\/uploads\/2019\/10\/2019-05-19-Festival-Anne-de-Bretagne-La-Turballe-N\u00b030GbisRR.jpg\" alt=\"\" width=\"386\" height=\"280\" srcset=\"https:\/\/www.koria-danses.fr\/wp-content\/uploads\/2019\/10\/2019-05-19-Festival-Anne-de-Bretagne-La-Turballe-N\u00b030GbisRR.jpg 883w, https:\/\/www.koria-danses.fr\/wp-content\/uploads\/2019\/10\/2019-05-19-Festival-Anne-de-Bretagne-La-Turballe-N\u00b030GbisRR-300x217.jpg 300w, https:\/\/www.koria-danses.fr\/wp-content\/uploads\/2019\/10\/2019-05-19-Festival-Anne-de-Bretagne-La-Turballe-N\u00b030GbisRR-768x557.jpg 768w\" sizes=\"auto, (max-width: 386px) 100vw, 386px\" \/><\/a><\/p>\n","protected":false},"excerpt":{"rendered":"<p>Koria est n\u00e9e en 1980, de l\u2019id\u00e9e de quelques amateurs de culture bretonne. D\u00e9sireux d\u2019apprendre \u00e0 danser, ils d\u00e9couvrent le r\u00e9pertoire in\u00e9puisable de toute la Bretagne, du pays Nantais au Finist\u00e8re. Koria fait vivre depuis toutes ces ann\u00e9es la culture <a class=\"more-link\" href=\"https:\/\/www.koria-danses.fr\/?page_id=4455\">Lire la suite &#8230;<\/a><\/p>\n","protected":false},"author":21,"featured_media":0,"parent":2329,"menu_order":0,"comment_status":"closed","ping_status":"closed","template":"","meta":{"ngg_post_thumbnail":0,"footnotes":""},"class_list":["post-4455","page","type-page","status-publish","hentry"],"_links":{"self":[{"href":"https:\/\/www.koria-danses.fr\/index.php?rest_route=\/wp\/v2\/pages\/4455","targetHints":{"allow":["GET"]}}],"collection":[{"href":"https:\/\/www.koria-danses.fr\/index.php?rest_route=\/wp\/v2\/pages"}],"about":[{"href":"https:\/\/www.koria-danses.fr\/index.php?rest_route=\/wp\/v2\/types\/page"}],"author":[{"embeddable":true,"href":"https:\/\/www.koria-danses.fr\/index.php?rest_route=\/wp\/v2\/users\/21"}],"replies":[{"embeddable":true,"href":"https:\/\/www.koria-danses.fr\/index.php?rest_route=%2Fwp%2Fv2%2Fcomments&post=4455"}],"version-history":[{"count":12,"href":"https:\/\/www.koria-danses.fr\/index.php?rest_route=\/wp\/v2\/pages\/4455\/revisions"}],"predecessor-version":[{"id":5698,"href":"https:\/\/www.koria-danses.fr\/index.php?rest_route=\/wp\/v2\/pages\/4455\/revisions\/5698"}],"up":[{"embeddable":true,"href":"https:\/\/www.koria-danses.fr\/index.php?rest_route=\/wp\/v2\/pages\/2329"}],"wp:attachment":[{"href":"https:\/\/www.koria-danses.fr\/index.php?rest_route=%2Fwp%2Fv2%2Fmedia&parent=4455"}],"curies":[{"name":"wp","href":"https:\/\/api.w.org\/{rel}","templated":true}]}}