{"id":9025,"date":"2026-02-07T08:21:45","date_gmt":"2026-02-07T08:21:45","guid":{"rendered":"https:\/\/www.koria-danses.fr\/?page_id=9025"},"modified":"2026-02-07T08:21:45","modified_gmt":"2026-02-07T08:21:45","slug":"un-nouveau-president-a-la-tete-de-koria","status":"publish","type":"page","link":"https:\/\/www.koria-danses.fr\/?page_id=9025","title":{"rendered":"Un nouveau pr\u00e9sident \u00e0 la t\u00eate de Koria"},"content":{"rendered":"<p><a href=\"https:\/\/www.koria-danses.fr\/wp-content\/uploads\/2026\/02\/Nouveau-president.jpg\"><img loading=\"lazy\" decoding=\"async\" class=\"alignnone size-full wp-image-9024\" src=\"https:\/\/www.koria-danses.fr\/wp-content\/uploads\/2026\/02\/Nouveau-president.jpg\" alt=\"\" width=\"720\" height=\"960\" srcset=\"https:\/\/www.koria-danses.fr\/wp-content\/uploads\/2026\/02\/Nouveau-president.jpg 720w, https:\/\/www.koria-danses.fr\/wp-content\/uploads\/2026\/02\/Nouveau-president-225x300.jpg 225w\" sizes=\"auto, (max-width: 720px) 100vw, 720px\" \/><\/a><\/p>\n","protected":false},"excerpt":{"rendered":"","protected":false},"author":21,"featured_media":0,"parent":4560,"menu_order":0,"comment_status":"closed","ping_status":"closed","template":"","meta":{"ngg_post_thumbnail":0,"footnotes":""},"class_list":["post-9025","page","type-page","status-publish","hentry"],"_links":{"self":[{"href":"https:\/\/www.koria-danses.fr\/index.php?rest_route=\/wp\/v2\/pages\/9025","targetHints":{"allow":["GET"]}}],"collection":[{"href":"https:\/\/www.koria-danses.fr\/index.php?rest_route=\/wp\/v2\/pages"}],"about":[{"href":"https:\/\/www.koria-danses.fr\/index.php?rest_route=\/wp\/v2\/types\/page"}],"author":[{"embeddable":true,"href":"https:\/\/www.koria-danses.fr\/index.php?rest_route=\/wp\/v2\/users\/21"}],"replies":[{"embeddable":true,"href":"https:\/\/www.koria-danses.fr\/index.php?rest_route=%2Fwp%2Fv2%2Fcomments&post=9025"}],"version-history":[{"count":1,"href":"https:\/\/www.koria-danses.fr\/index.php?rest_route=\/wp\/v2\/pages\/9025\/revisions"}],"predecessor-version":[{"id":9026,"href":"https:\/\/www.koria-danses.fr\/index.php?rest_route=\/wp\/v2\/pages\/9025\/revisions\/9026"}],"up":[{"embeddable":true,"href":"https:\/\/www.koria-danses.fr\/index.php?rest_route=\/wp\/v2\/pages\/4560"}],"wp:attachment":[{"href":"https:\/\/www.koria-danses.fr\/index.php?rest_route=%2Fwp%2Fv2%2Fmedia&parent=9025"}],"curies":[{"name":"wp","href":"https:\/\/api.w.org\/{rel}","templated":true}]}}